{"id":1161,"date":"2025-12-01T13:14:00","date_gmt":"2025-12-01T12:14:00","guid":{"rendered":"https:\/\/cpibburkina.bf\/?page_id=1161"},"modified":"2025-12-04T14:01:03","modified_gmt":"2025-12-04T13:01:03","slug":"mediatheque","status":"publish","type":"page","link":"https:\/\/cpibburkina.bf\/ar\/mediatheque\/","title":{"rendered":"\u0645\u0643\u062a\u0628\u0629 \u0627\u0644\u0648\u0633\u0627\u0626\u0637"},"content":{"rendered":"\t\t<div data-elementor-type=\"wp-page\" data-elementor-id=\"1161\" class=\"elementor elementor-1161\">\n\t\t\t\t<div class=\"elementor-element elementor-element-00868ad e-flex e-con-boxed e-con e-parent\" data-id=\"00868ad\" data-element_type=\"container\" data-e-type=\"container\">\n\t\t\t\t\t<div class=\"e-con-inner\">\n\t\t\t\t<div class=\"elementor-element elementor-element-cdecf88 elementor-widget elementor-widget-heading\" data-id=\"cdecf88\" data-element_type=\"widget\" data-e-type=\"widget\" data-widget_type=\"heading.default\">\n\t\t\t\t\t<h2 class=\"elementor-heading-title elementor-size-default\">M\u00e9diath\u00e8que<\/h2>\t\t\t\t<\/div>\n\t\t\t\t\t<\/div>\n\t\t\t\t<\/div>\n\t\t<div class=\"elementor-element elementor-element-05b911f e-flex e-con-boxed e-con e-parent\" data-id=\"05b911f\" data-element_type=\"container\" data-e-type=\"container\">\n\t\t\t\t\t<div class=\"e-con-inner\">\n\t\t\t\t<div class=\"elementor-element elementor-element-a3889a0 elementor-widget elementor-widget-shortcode\" data-id=\"a3889a0\" data-element_type=\"widget\" data-e-type=\"widget\" data-widget_type=\"shortcode.default\">\n\t\t\t\t\t\t\t<div class=\"elementor-shortcode\"><style type=\"text\/css\" scoped>.rbs_gallery_6a057bbc5c3adSpinner{\r\n\t\t\t\tmargin: 50px auto;\r\n\t\t\t\twidth: 50px;\r\n\t\t\t\theight: 40px;\r\n\t\t\t\ttext-align: center;\r\n\t\t\t\tfont-size: 10px;\r\n\t\t\t}\r\n\t\t\t.rbs_gallery_6a057bbc5c3adSpinner > div{\r\n\t\t\t  background-color: #333;\r\n\t\t\t  height: 100%;\r\n\t\t\t  width: 6px;\r\n\t\t\t  display: inline-block;\r\n\t\t\t  -webkit-animation: rbs_gallery_6a057bbc5c3ad-stretchdelay 1.2s infinite ease-in-out;\r\n\t\t\t  animation: rbs_gallery_6a057bbc5c3ad-stretchdelay 1.2s infinite ease-in-out;\r\n\t\t\t}\r\n\t\t\t.rbs_gallery_6a057bbc5c3adSpinner .rbs_gallery_6a057bbc5c3adRect2 {\r\n\t\t\t  -webkit-animation-delay: -1.1s;\r\n\t\t\t  animation-delay: -1.1s;\r\n\t\t\t}\r\n\t\t\t.rbs_gallery_6a057bbc5c3adSpinner .rbs_gallery_6a057bbc5c3adRect3 {\r\n\t\t\t  -webkit-animation-delay: -1.0s;\r\n\t\t\t  animation-delay: -1.0s;\r\n\t\t\t}\r\n\t\t\t.rbs_gallery_6a057bbc5c3adSpinner .rbs_gallery_6a057bbc5c3adRect4 {\r\n\t\t\t  -webkit-animation-delay: -0.9s;\r\n\t\t\t  animation-delay: -0.9s;\r\n\t\t\t}\r\n\t\t\t.rbs_gallery_6a057bbc5c3adSpinner .rbs_gallery_6a057bbc5c3adRect5 {\r\n\t\t\t  -webkit-animation-delay: -0.8s;\r\n\t\t\t  animation-delay: -0.8s;\r\n\t\t\t}\r\n\t\t\t@-webkit-keyframes rbs_gallery_6a057bbc5c3ad-stretchdelay {\r\n\t\t\t  0%, 40%, 100% { -webkit-transform: scaleY(0.4) }  \r\n\t\t\t  20% { -webkit-transform: scaleY(1.0) }\r\n\t\t\t}\r\n\t\t\t@keyframes rbs_gallery_6a057bbc5c3ad-stretchdelay {\r\n\t\t\t  0%, 40%, 100% { \r\n\t\t\t    transform: scaleY(0.4);\r\n\t\t\t    -webkit-transform: scaleY(0.4);\r\n\t\t\t  }  20% { \r\n\t\t\t    transform: scaleY(1.0);\r\n\t\t\t    -webkit-transform: scaleY(1.0);\r\n\t\t\t  }\r\n\t\t\t}\r\n\t\t<\/style><div class=\"robo-gallery-wrap robo-gallery-wrap-id1668 robo-gallery-grid\" ><div id=\"rbs_gallery_6a057bbc5c3ad-block-loader\" class=\"rbs_gallery_6a057bbc5c3adSpinner\"><div class=\"rbs_gallery_6a057bbc5c3adRect1\"><\/div> <div class=\"rbs_gallery_6a057bbc5c3adRect2\"><\/div> <div class=\"rbs_gallery_6a057bbc5c3adRect3\"><\/div> <div class=\"rbs_gallery_6a057bbc5c3adRect4\"><\/div> <div class=\"rbs_gallery_6a057bbc5c3adRect5\"><\/div><\/div><div id=\"robo_gallery_main_block_rbs_gallery_6a057bbc5c3ad\" class=\"robogallery-gallery-1668\" style=\"width:100%;  display: none;\"><div id=\"rbs_gallery_6a057bbc5c3ad\" data-options=\"rbs_gallery_6a057bbc5c3ad\" style=\"width:100%;\" class=\"robo_gallery  \"><div class=\"rbs-img  category1668 \" ><div class=\"rbs-img-image   rbs-lightbox \" ><div class=\"rbs-img-thumbs\"  data-thumbnail=\"https:\/\/cpibburkina.bf\/wp-content\/uploads\/2025\/12\/d113366c-9065-4060-bff6-6752eb074d92.jpeg\"  title=\"D\u00e9l\u00e9gation d&#039;investisseurs russes avec Monsieur KASSAMBA Soumane, Conseiller sp\u00e9cial du Pr\u00e9sident du Faso, dans les locaux du CPIB\"  data-width=\"1600\"  data-height=\"1200\" ><\/div><div class=\"rbs-img-data-popup\"  data-popup=\"https:\/\/cpibburkina.bf\/wp-content\/uploads\/2025\/12\/d113366c-9065-4060-bff6-6752eb074d92.jpeg\"  title=\"D\u00e9l\u00e9gation d&#039;investisseurs russes avec Monsieur KASSAMBA Soumane, Conseiller sp\u00e9cial du Pr\u00e9sident du Faso, dans les locaux du CPIB\"  data-alt=\"D\u00e9l\u00e9gation d&#039;investisseurs russes avec Monsieur KASSAMBA Soumane, Conseiller sp\u00e9cial du Pr\u00e9sident du Faso, dans les locaux du CPIB\" ><\/div><div class=\"thumbnail-overlay\"><div class=\"rbsTitle \">D\u00e9l\u00e9gation d&#039;investisseurs russes avec Monsieur KASSAMBA Soumane, Conseiller sp\u00e9cial du Pr\u00e9sident du Faso, dans les locaux du CPIB<\/div><div class=\"rbsIcons\"><i class=\"fa fa-search-plus rbsZoomIcon \" ><\/i><\/div><\/div><\/div><\/div><\/div><\/div><\/div><script>var rbs_gallery_6a057bbc5c3ad = {\"version\":\"5.1.4\",\"id\":1668,\"class\":\"id1668\",\"roboGalleryDelay\":1000,\"mainContainer\":\"#robo_gallery_main_block_rbs_gallery_6a057bbc5c3ad\",\"loadingContainer\":\"#rbs_gallery_6a057bbc5c3ad-block-loader\",\"loadingContainerObj\":\"rbs_gallery_6a057bbc5c3ad-block-loader\",\"columnWidth\":\"auto\",\"columns\":3,\"resolutions\":[{\"columnWidth\":\"auto\",\"columns\":3,\"maxWidth\":960},{\"columnWidth\":\"auto\",\"columns\":2,\"maxWidth\":650},{\"columnWidth\":\"auto\",\"columns\":1,\"maxWidth\":450}],\"touchRtl\":true,\"lightboxOptions\":{\"gallery\":{\"enabled\":true,\"tCounter\":\"%curr% of %total%\"}},\"overlayEffect\":\"direction-aware-fade\",\"boxesToLoadStart\":12,\"boxesToLoad\":8,\"waitUntilThumbLoads\":1,\"LoadingWord\":\"Loading...\",\"loadMoreWord\":\"Load More\",\"noMoreEntriesWord\":\"No More Entries\",\"horizontalSpaceBetweenBoxes\":15,\"verticalSpaceBetweenBoxes\":15,\"lazyLoad\":1,\"wrapContainer\":\"#robo-gallery-wrap-rbs_gallery_6a057bbc5c3ad\"};<\/script><\/div>\n\t\t\t\t\t\t<\/div>\n\t\t\t\t\t<\/div>\n\t\t\t\t<\/div>\n\t\t\t\t<\/div>\n\t\t","protected":false},"excerpt":{"rendered":"<p>\u0645\u0643\u062a\u0628\u0629 \u0627\u0644\u0648\u0633\u0627\u0626\u0637<\/p>","protected":false},"author":1,"featured_media":0,"parent":0,"menu_order":0,"comment_status":"closed","ping_status":"closed","template":"elementor_header_footer","meta":{"footnotes":""},"class_list":["post-1161","page","type-page","status-publish","hentry"],"blocksy_meta":[],"yoast_head":"<!-- This site is optimized with the Yoast SEO plugin v27.5 - https:\/\/yoast.com\/product\/yoast-seo-wordpress\/ -->\n<title>M\u00e9diath\u00e8que - CPIB<\/title>\n<meta name=\"robots\" content=\"index, follow, max-snippet:-1, max-image-preview:large, max-video-preview:-1\" \/>\n<link rel=\"canonical\" href=\"https:\/\/cpibburkina.bf\/ar\/mediatheque\/\" \/>\n<meta property=\"og:locale\" content=\"ar_AR\" \/>\n<meta property=\"og:type\" content=\"article\" \/>\n<meta property=\"og:title\" content=\"M\u00e9diath\u00e8que - CPIB\" \/>\n<meta property=\"og:description\" content=\"M\u00e9diath\u00e8que\" \/>\n<meta property=\"og:url\" content=\"https:\/\/cpibburkina.bf\/ar\/mediatheque\/\" \/>\n<meta property=\"og:site_name\" content=\"CPIB\" \/>\n<meta property=\"article:modified_time\" content=\"2025-12-04T13:01:03+00:00\" \/>\n<meta name=\"twitter:card\" content=\"summary_large_image\" \/>\n<script type=\"application\/ld+json\" class=\"yoast-schema-graph\">{\"@context\":\"https:\\\/\\\/schema.org\",\"@graph\":[{\"@type\":\"WebPage\",\"@id\":\"https:\\\/\\\/cpibburkina.bf\\\/mediatheque\\\/\",\"url\":\"https:\\\/\\\/cpibburkina.bf\\\/mediatheque\\\/\",\"name\":\"M\u00e9diath\u00e8que - CPIB\",\"isPartOf\":{\"@id\":\"https:\\\/\\\/cpibburkina.bf\\\/#website\"},\"datePublished\":\"2025-12-01T12:14:00+00:00\",\"dateModified\":\"2025-12-04T13:01:03+00:00\",\"breadcrumb\":{\"@id\":\"https:\\\/\\\/cpibburkina.bf\\\/mediatheque\\\/#breadcrumb\"},\"inLanguage\":\"ar\",\"potentialAction\":[{\"@type\":\"ReadAction\",\"target\":[\"https:\\\/\\\/cpibburkina.bf\\\/mediatheque\\\/\"]}]},{\"@type\":\"BreadcrumbList\",\"@id\":\"https:\\\/\\\/cpibburkina.bf\\\/mediatheque\\\/#breadcrumb\",\"itemListElement\":[{\"@type\":\"ListItem\",\"position\":1,\"name\":\"Accueil\",\"item\":\"https:\\\/\\\/cpibburkina.bf\\\/\"},{\"@type\":\"ListItem\",\"position\":2,\"name\":\"M\u00e9diath\u00e8que\"}]},{\"@type\":\"WebSite\",\"@id\":\"https:\\\/\\\/cpibburkina.bf\\\/#website\",\"url\":\"https:\\\/\\\/cpibburkina.bf\\\/\",\"name\":\"CPIB\",\"description\":\"\",\"publisher\":{\"@id\":\"https:\\\/\\\/cpibburkina.bf\\\/#organization\"},\"potentialAction\":[{\"@type\":\"SearchAction\",\"target\":{\"@type\":\"EntryPoint\",\"urlTemplate\":\"https:\\\/\\\/cpibburkina.bf\\\/?s={search_term_string}\"},\"query-input\":{\"@type\":\"PropertyValueSpecification\",\"valueRequired\":true,\"valueName\":\"search_term_string\"}}],\"inLanguage\":\"ar\"},{\"@type\":\"Organization\",\"@id\":\"https:\\\/\\\/cpibburkina.bf\\\/#organization\",\"name\":\"CPIB\",\"url\":\"https:\\\/\\\/cpibburkina.bf\\\/\",\"logo\":{\"@type\":\"ImageObject\",\"inLanguage\":\"ar\",\"@id\":\"https:\\\/\\\/cpibburkina.bf\\\/#\\\/schema\\\/logo\\\/image\\\/\",\"url\":\"https:\\\/\\\/cpibburkina.bf\\\/wp-content\\\/uploads\\\/2025\\\/11\\\/logo.jpg\",\"contentUrl\":\"https:\\\/\\\/cpibburkina.bf\\\/wp-content\\\/uploads\\\/2025\\\/11\\\/logo.jpg\",\"width\":325,\"height\":325,\"caption\":\"CPIB\"},\"image\":{\"@id\":\"https:\\\/\\\/cpibburkina.bf\\\/#\\\/schema\\\/logo\\\/image\\\/\"}}]}<\/script>\n<!-- \/ Yoast SEO plugin. -->","yoast_head_json":{"title":"M\u00e9diath\u00e8que - CPIB","robots":{"index":"index","follow":"follow","max-snippet":"max-snippet:-1","max-image-preview":"max-image-preview:large","max-video-preview":"max-video-preview:-1"},"canonical":"https:\/\/cpibburkina.bf\/ar\/mediatheque\/","og_locale":"ar_AR","og_type":"article","og_title":"M\u00e9diath\u00e8que - CPIB","og_description":"M\u00e9diath\u00e8que","og_url":"https:\/\/cpibburkina.bf\/ar\/mediatheque\/","og_site_name":"CPIB","article_modified_time":"2025-12-04T13:01:03+00:00","twitter_card":"summary_large_image","schema":{"@context":"https:\/\/schema.org","@graph":[{"@type":"WebPage","@id":"https:\/\/cpibburkina.bf\/mediatheque\/","url":"https:\/\/cpibburkina.bf\/mediatheque\/","name":"M\u00e9diath\u00e8que - CPIB","isPartOf":{"@id":"https:\/\/cpibburkina.bf\/#website"},"datePublished":"2025-12-01T12:14:00+00:00","dateModified":"2025-12-04T13:01:03+00:00","breadcrumb":{"@id":"https:\/\/cpibburkina.bf\/mediatheque\/#breadcrumb"},"inLanguage":"ar","potentialAction":[{"@type":"ReadAction","target":["https:\/\/cpibburkina.bf\/mediatheque\/"]}]},{"@type":"BreadcrumbList","@id":"https:\/\/cpibburkina.bf\/mediatheque\/#breadcrumb","itemListElement":[{"@type":"ListItem","position":1,"name":"Accueil","item":"https:\/\/cpibburkina.bf\/"},{"@type":"ListItem","position":2,"name":"M\u00e9diath\u00e8que"}]},{"@type":"WebSite","@id":"https:\/\/cpibburkina.bf\/#website","url":"https:\/\/cpibburkina.bf\/","name":"CPIB","description":"","publisher":{"@id":"https:\/\/cpibburkina.bf\/#organization"},"potentialAction":[{"@type":"SearchAction","target":{"@type":"EntryPoint","urlTemplate":"https:\/\/cpibburkina.bf\/?s={search_term_string}"},"query-input":{"@type":"PropertyValueSpecification","valueRequired":true,"valueName":"search_term_string"}}],"inLanguage":"ar"},{"@type":"Organization","@id":"https:\/\/cpibburkina.bf\/#organization","name":"CPIB","url":"https:\/\/cpibburkina.bf\/","logo":{"@type":"ImageObject","inLanguage":"ar","@id":"https:\/\/cpibburkina.bf\/#\/schema\/logo\/image\/","url":"https:\/\/cpibburkina.bf\/wp-content\/uploads\/2025\/11\/logo.jpg","contentUrl":"https:\/\/cpibburkina.bf\/wp-content\/uploads\/2025\/11\/logo.jpg","width":325,"height":325,"caption":"CPIB"},"image":{"@id":"https:\/\/cpibburkina.bf\/#\/schema\/logo\/image\/"}}]}},"_links":{"self":[{"href":"https:\/\/cpibburkina.bf\/ar\/wp-json\/wp\/v2\/pages\/1161","targetHints":{"allow":["GET"]}}],"collection":[{"href":"https:\/\/cpibburkina.bf\/ar\/wp-json\/wp\/v2\/pages"}],"about":[{"href":"https:\/\/cpibburkina.bf\/ar\/wp-json\/wp\/v2\/types\/page"}],"author":[{"embeddable":true,"href":"https:\/\/cpibburkina.bf\/ar\/wp-json\/wp\/v2\/users\/1"}],"replies":[{"embeddable":true,"href":"https:\/\/cpibburkina.bf\/ar\/wp-json\/wp\/v2\/comments?post=1161"}],"version-history":[{"count":25,"href":"https:\/\/cpibburkina.bf\/ar\/wp-json\/wp\/v2\/pages\/1161\/revisions"}],"predecessor-version":[{"id":1671,"href":"https:\/\/cpibburkina.bf\/ar\/wp-json\/wp\/v2\/pages\/1161\/revisions\/1671"}],"wp:attachment":[{"href":"https:\/\/cpibburkina.bf\/ar\/wp-json\/wp\/v2\/media?parent=1161"}],"curies":[{"name":"wp","href":"https:\/\/api.w.org\/{rel}","templated":true}]}}